{"id":4346,"date":"2022-11-18T16:28:13","date_gmt":"2022-11-18T15:28:13","guid":{"rendered":"https:\/\/gruppomontenegro.com\/cookie-policy\/"},"modified":"2023-03-08T15:10:31","modified_gmt":"2023-03-08T14:10:31","slug":"cookie-policy","status":"publish","type":"page","link":"https:\/\/gruppomontenegro.com\/de\/cookie-policy\/","title":{"rendered":"Cookie Policy"},"content":{"rendered":"<div class=\"fusion-fullwidth fullwidth-box fusion-builder-row-1 fusion-flex-container has-pattern-background has-mask-background nonhundred-percent-fullwidth non-hundred-percent-height-scrolling\" style=\"--awb-border-radius-top-left:0px;--awb-border-radius-top-right:0px;--awb-border-radius-bottom-right:0px;--awb-border-radius-bottom-left:0px;--awb-padding-top:60px;--awb-padding-bottom:60px;--awb-flex-wrap:wrap;\" ><div class=\"fusion-builder-row fusion-row fusion-flex-align-items-flex-start fusion-flex-content-wrap\" style=\"max-width:1248px;margin-left: calc(-4% \/ 2 );margin-right: calc(-4% \/ 2 );\"><div class=\"fusion-layout-column fusion_builder_column fusion-builder-column-0 fusion_builder_column_1_1 1_1 fusion-flex-column\" style=\"--awb-bg-size:cover;--awb-width-large:100%;--awb-margin-top-large:0px;--awb-spacing-right-large:1.92%;--awb-margin-bottom-large:0px;--awb-spacing-left-large:1.92%;--awb-width-medium:100%;--awb-spacing-right-medium:1.92%;--awb-spacing-left-medium:1.92%;--awb-width-small:100%;--awb-spacing-right-small:1.92%;--awb-spacing-left-small:1.92%;\"><div class=\"fusion-column-wrapper fusion-flex-justify-content-flex-start fusion-content-layout-column\"><div class=\"fusion-title title fusion-title-1 fusion-sep-none fusion-title-text fusion-title-size-one\" style=\"--awb-margin-top-small:10px;--awb-margin-right-small:0px;--awb-margin-bottom-small:10px;--awb-margin-left-small:0px;\"><h1 class=\"fusion-title-heading title-heading-left fusion-responsive-typography-calculated\" style=\"margin:0;--fontSize:40;line-height:var(--awb-typography1-line-height);\">Cookie Policy<\/h1><\/div><div class=\"fusion-text fusion-text-1\"><p><script id=\"CookieDeclaration\" src=\"https:\/\/consent.cookiebot.com\/bd9b2a7f-6c14-4633-8558-dcf5fd7fd8af\/cd.js\" type=\"text\/javascript\" async><\/script><\/p>\n<\/div><div class=\"fusion-text fusion-text-2\"><p>F\u00fcr weitere Ausk\u00fcnfte, auch bez\u00fcglich der Userrechte und deren Aus\u00fcbung oder \u00fcber die Kontaktm\u00f6glichkeiten mit uns, bitten wir Sie, die Datenschutzerkl\u00e4rung auf der Website zu lesen.<\/p>\n<p><strong>\u00c4nderungen und Aktualisierungen<\/strong><br \/>\nDie Gesellschaft kann die vorliegende Cookie-Richtlinie gelegentlich durch die Ver\u00f6ffentlichung einer neuen Version auf dieser Website \u00e4ndern oder aktualisieren, eventuell auch aufgrund nachfolgender rechtlicher \u00c4nderungen und\/oder Erg\u00e4nzungen.<\/p>\n<\/div><\/div><\/div><\/div><\/div>\n","protected":false},"excerpt":{"rendered":"","protected":false},"author":7,"featured_media":0,"parent":0,"menu_order":0,"comment_status":"closed","ping_status":"closed","template":"","meta":{"footnotes":""},"class_list":["post-4346","page","type-page","status-publish","hentry"],"yoast_head":"<!-- This site is optimized with the Yoast SEO plugin v27.1.1 - https:\/\/yoast.com\/product\/yoast-seo-wordpress\/ -->\n<title>Cookie Policy | Gruppo Montenegro<\/title>\n<meta name=\"robots\" content=\"noindex, follow\" \/>\n<meta property=\"og:locale\" content=\"de_DE\" \/>\n<meta property=\"og:type\" content=\"article\" \/>\n<meta property=\"og:title\" content=\"Cookie Policy | Gruppo Montenegro\" \/>\n<meta property=\"og:url\" content=\"https:\/\/gruppomontenegro.com\/de\/cookie-policy\/\" \/>\n<meta property=\"og:site_name\" content=\"Gruppo Montenegro\" \/>\n<meta property=\"article:modified_time\" content=\"2023-03-08T14:10:31+00:00\" \/>\n<meta name=\"twitter:card\" content=\"summary_large_image\" \/>\n<script type=\"application\/ld+json\" class=\"yoast-schema-graph\">{\"@context\":\"https:\/\/schema.org\",\"@graph\":[{\"@type\":\"WebPage\",\"@id\":\"https:\/\/gruppomontenegro.com\/de\/cookie-policy\/\",\"url\":\"https:\/\/gruppomontenegro.com\/de\/cookie-policy\/\",\"name\":\"Cookie Policy | Gruppo Montenegro\",\"isPartOf\":{\"@id\":\"https:\/\/gruppomontenegro.com\/de\/#website\"},\"datePublished\":\"2022-11-18T15:28:13+00:00\",\"dateModified\":\"2023-03-08T14:10:31+00:00\",\"breadcrumb\":{\"@id\":\"https:\/\/gruppomontenegro.com\/de\/cookie-policy\/#breadcrumb\"},\"inLanguage\":\"de-DE\",\"potentialAction\":[{\"@type\":\"ReadAction\",\"target\":[\"https:\/\/gruppomontenegro.com\/de\/cookie-policy\/\"]}]},{\"@type\":\"BreadcrumbList\",\"@id\":\"https:\/\/gruppomontenegro.com\/de\/cookie-policy\/#breadcrumb\",\"itemListElement\":[{\"@type\":\"ListItem\",\"position\":1,\"name\":\"Home\",\"item\":\"https:\/\/gruppomontenegro.com\/de\/\"},{\"@type\":\"ListItem\",\"position\":2,\"name\":\"Cookie Policy\"}]},{\"@type\":\"WebSite\",\"@id\":\"https:\/\/gruppomontenegro.com\/de\/#website\",\"url\":\"https:\/\/gruppomontenegro.com\/de\/\",\"name\":\"Gruppo Montenegro\",\"description\":\"\",\"publisher\":{\"@id\":\"https:\/\/gruppomontenegro.com\/de\/#organization\"},\"potentialAction\":[{\"@type\":\"SearchAction\",\"target\":{\"@type\":\"EntryPoint\",\"urlTemplate\":\"https:\/\/gruppomontenegro.com\/de\/?s={search_term_string}\"},\"query-input\":{\"@type\":\"PropertyValueSpecification\",\"valueRequired\":true,\"valueName\":\"search_term_string\"}}],\"inLanguage\":\"de-DE\"},{\"@type\":\"Organization\",\"@id\":\"https:\/\/gruppomontenegro.com\/de\/#organization\",\"name\":\"Gruppo Montenegro\",\"url\":\"https:\/\/gruppomontenegro.com\/de\/\",\"logo\":{\"@type\":\"ImageObject\",\"inLanguage\":\"de-DE\",\"@id\":\"https:\/\/gruppomontenegro.com\/de\/#\/schema\/logo\/image\/\",\"url\":\"https:\/\/gruppomontenegro.com\/wp-content\/uploads\/2022\/12\/logo-montenegro.jpg\",\"contentUrl\":\"https:\/\/gruppomontenegro.com\/wp-content\/uploads\/2022\/12\/logo-montenegro.jpg\",\"width\":300,\"height\":200,\"caption\":\"Gruppo Montenegro\"},\"image\":{\"@id\":\"https:\/\/gruppomontenegro.com\/de\/#\/schema\/logo\/image\/\"}}]}<\/script>\n<!-- \/ Yoast SEO plugin. -->","yoast_head_json":{"title":"Cookie Policy | Gruppo Montenegro","robots":{"index":"noindex","follow":"follow"},"og_locale":"de_DE","og_type":"article","og_title":"Cookie Policy | Gruppo Montenegro","og_url":"https:\/\/gruppomontenegro.com\/de\/cookie-policy\/","og_site_name":"Gruppo Montenegro","article_modified_time":"2023-03-08T14:10:31+00:00","twitter_card":"summary_large_image","schema":{"@context":"https:\/\/schema.org","@graph":[{"@type":"WebPage","@id":"https:\/\/gruppomontenegro.com\/de\/cookie-policy\/","url":"https:\/\/gruppomontenegro.com\/de\/cookie-policy\/","name":"Cookie Policy | Gruppo Montenegro","isPartOf":{"@id":"https:\/\/gruppomontenegro.com\/de\/#website"},"datePublished":"2022-11-18T15:28:13+00:00","dateModified":"2023-03-08T14:10:31+00:00","breadcrumb":{"@id":"https:\/\/gruppomontenegro.com\/de\/cookie-policy\/#breadcrumb"},"inLanguage":"de-DE","potentialAction":[{"@type":"ReadAction","target":["https:\/\/gruppomontenegro.com\/de\/cookie-policy\/"]}]},{"@type":"BreadcrumbList","@id":"https:\/\/gruppomontenegro.com\/de\/cookie-policy\/#breadcrumb","itemListElement":[{"@type":"ListItem","position":1,"name":"Home","item":"https:\/\/gruppomontenegro.com\/de\/"},{"@type":"ListItem","position":2,"name":"Cookie Policy"}]},{"@type":"WebSite","@id":"https:\/\/gruppomontenegro.com\/de\/#website","url":"https:\/\/gruppomontenegro.com\/de\/","name":"Gruppo Montenegro","description":"","publisher":{"@id":"https:\/\/gruppomontenegro.com\/de\/#organization"},"potentialAction":[{"@type":"SearchAction","target":{"@type":"EntryPoint","urlTemplate":"https:\/\/gruppomontenegro.com\/de\/?s={search_term_string}"},"query-input":{"@type":"PropertyValueSpecification","valueRequired":true,"valueName":"search_term_string"}}],"inLanguage":"de-DE"},{"@type":"Organization","@id":"https:\/\/gruppomontenegro.com\/de\/#organization","name":"Gruppo Montenegro","url":"https:\/\/gruppomontenegro.com\/de\/","logo":{"@type":"ImageObject","inLanguage":"de-DE","@id":"https:\/\/gruppomontenegro.com\/de\/#\/schema\/logo\/image\/","url":"https:\/\/gruppomontenegro.com\/wp-content\/uploads\/2022\/12\/logo-montenegro.jpg","contentUrl":"https:\/\/gruppomontenegro.com\/wp-content\/uploads\/2022\/12\/logo-montenegro.jpg","width":300,"height":200,"caption":"Gruppo Montenegro"},"image":{"@id":"https:\/\/gruppomontenegro.com\/de\/#\/schema\/logo\/image\/"}}]}},"_links":{"self":[{"href":"https:\/\/gruppomontenegro.com\/de\/wp-json\/wp\/v2\/pages\/4346","targetHints":{"allow":["GET"]}}],"collection":[{"href":"https:\/\/gruppomontenegro.com\/de\/wp-json\/wp\/v2\/pages"}],"about":[{"href":"https:\/\/gruppomontenegro.com\/de\/wp-json\/wp\/v2\/types\/page"}],"author":[{"embeddable":true,"href":"https:\/\/gruppomontenegro.com\/de\/wp-json\/wp\/v2\/users\/7"}],"replies":[{"embeddable":true,"href":"https:\/\/gruppomontenegro.com\/de\/wp-json\/wp\/v2\/comments?post=4346"}],"version-history":[{"count":1,"href":"https:\/\/gruppomontenegro.com\/de\/wp-json\/wp\/v2\/pages\/4346\/revisions"}],"predecessor-version":[{"id":6813,"href":"https:\/\/gruppomontenegro.com\/de\/wp-json\/wp\/v2\/pages\/4346\/revisions\/6813"}],"wp:attachment":[{"href":"https:\/\/gruppomontenegro.com\/de\/wp-json\/wp\/v2\/media?parent=4346"}],"curies":[{"name":"wp","href":"https:\/\/api.w.org\/{rel}","templated":true}]}}